{"id":19,"date":"2022-12-20T14:41:32","date_gmt":"2022-12-20T13:41:32","guid":{"rendered":"https:\/\/www.bbscgm.de\/?page_id=19"},"modified":"2024-07-16T17:54:52","modified_gmt":"2024-07-16T15:54:52","slug":"arbeitnehmer-azav","status":"publish","type":"page","link":"https:\/\/www.bbs-cgm.de\/?page_id=19","title":{"rendered":"Arbeitnehmer\/AZAV"},"content":{"rendered":"\n<p>AUS weiterhin AKTUELLEM ANLASS<br>Pr\u00e4senzunterricht im Vollbetrieb ist wieder hergestellt. Zur Erinnerung (mit Einschr\u00e4nkungen) schrittweise fortgesetzt seit 2022.<\/p>\n\n\n\n<h1 class=\"wp-block-heading\">Corona-Pandemie<\/h1>\n\n\n\n<p>Das Coronavirus (auch Covid-19 genannt oder bezeichnet) kann weiterhin als Pandemie auftreten, und die Bundes- und Landesregierungen veranlassen, entsprechende Ma\u00dfnahmen f\u00fcr das gesellschaftliche Leben zu ergeifen bzw. passend zu den jeweiligen aktuellen Lagen und Bed\u00fcrfnissen zu regeln.<\/p>\n\n\n\n<p>Als Bildungswerk oder Bildungstr\u00e4ger unterliegen wir diesen beh\u00f6rdlichen Anordnungen damit auch weiterhin. Im AZAV-Bereich sind f\u00fcr laufende Ma\u00dfnahmen entsprechende Vorkehrungen getroffen, diese fortzusetzen und erfolgreich abschlie\u00dfen zu k\u00f6nnen. Dazu sind wir auf unsere Teilnehmer mit Verweis auf entsprechende nicht gebundene aber der Zertifizierung erf\u00fcllenden Durchf\u00fchrungsformen gem\u00e4\u00dfen&nbsp; AZAV zugegangen und werden auf direktem Wegen auf sie zugehen, und auch die technischen Voraussetzungen individuell sind geschaffen.<\/p>\n\n\n\n<p>Wir m\u00f6chten der Verbreitung des Virus entgegenwirken und so die Gesundheit aller, unserer Teilnehmer, der Referenten und Seminarleitungen und Mitarbeiter sch\u00fctzen.\u00a0<strong>Deshalb hatten wir Pr\u00e4enzveranstaltungen abgesagt k\u00f6nnen diese aber seit der 39. KW 2021 wieder in eingeschr\u00e4nkter Form und unter Erf\u00fcllung von Hygieneanforderungen sowie begrenzter Teilnehmerzahlen vornehmen.<\/strong>\u00a0Mit dem Kalenderjahr 2023 sind wir wieder uneingeschr\u00e4nkt f\u00fcr Sie t\u00e4tig. Ihnen und Ihrem Arbeitgeber entstehen dadurch keine Kosten.<\/p>\n\n\n\n<p>Auch in solchen schwierigen Zeiten sind wir gerne f\u00fcr Sie da.\u00a0 Sie erreichen uns wie gewohnt telefonisch oder per E-Mail unter bekannten Kontaktdaten.<\/p>\n\n\n\n<p>Bis dahin alles Gute und bleiben Sie gesund!<\/p>\n\n\n\n<p>Ihre BBS-Berufsbildungsst\u00e4tte e.V.<\/p>\n\n\n\n<p>Als langj\u00e4hriger Bildungsanbieter sind wir nach AZAV zertifiziert und stimmen unsere Angebote im Rahmen der Arbeitsmarktf\u00f6rderung mit den jeweiligen Leistungstr\u00e4gern ab. N\u00e4here Informationen erhalten Sie gerne auf Nachfrage.<\/p>\n","protected":false},"excerpt":{"rendered":"<p>AUS weiterhin AKTUELLEM ANLASSPr\u00e4senzunterricht im Vollbetrieb ist wieder hergestellt. Zur Erinnerung (mit Einschr\u00e4nkungen) schrittweise fortgesetzt seit 2022. Corona-Pandemie Das Coronavirus (auch Covid-19 genannt oder bezeichnet) kann weiterhin als Pandemie auftreten, und die Bundes- und Landesregierungen veranlassen, entsprechende Ma\u00dfnahmen f\u00fcr das gesellschaftliche Leben zu ergeifen bzw. passend zu den jeweiligen aktuellen Lagen und Bed\u00fcrfnissen zu regeln. &hellip; <\/p>\n<p class=\"link-more\"><a href=\"https:\/\/www.bbs-cgm.de\/?page_id=19\" class=\"more-link\">Mehr <span class=\"screen-reader-text\">\u00fcber &#8222;Arbeitnehmer\/AZAV&#8220; <\/span>Lesen<\/a><\/p>\n","protected":false},"author":1,"featured_media":0,"parent":0,"menu_order":0,"comment_status":"closed","ping_status":"closed","template":"","meta":{"footnotes":""},"class_list":["post-19","page","type-page","status-publish","hentry"],"_links":{"self":[{"href":"https:\/\/www.bbs-cgm.de\/index.php?rest_route=\/wp\/v2\/pages\/19","targetHints":{"allow":["GET"]}}],"collection":[{"href":"https:\/\/www.bbs-cgm.de\/index.php?rest_route=\/wp\/v2\/pages"}],"about":[{"href":"https:\/\/www.bbs-cgm.de\/index.php?rest_route=\/wp\/v2\/types\/page"}],"author":[{"embeddable":true,"href":"https:\/\/www.bbs-cgm.de\/index.php?rest_route=\/wp\/v2\/users\/1"}],"replies":[{"embeddable":true,"href":"https:\/\/www.bbs-cgm.de\/index.php?rest_route=%2Fwp%2Fv2%2Fcomments&post=19"}],"version-history":[{"count":2,"href":"https:\/\/www.bbs-cgm.de\/index.php?rest_route=\/wp\/v2\/pages\/19\/revisions"}],"predecessor-version":[{"id":136,"href":"https:\/\/www.bbs-cgm.de\/index.php?rest_route=\/wp\/v2\/pages\/19\/revisions\/136"}],"wp:attachment":[{"href":"https:\/\/www.bbs-cgm.de\/index.php?rest_route=%2Fwp%2Fv2%2Fmedia&parent=19"}],"curies":[{"name":"wp","href":"https:\/\/api.w.org\/{rel}","templated":true}]}}