{"id":23,"date":"2022-12-20T14:43:29","date_gmt":"2022-12-20T13:43:29","guid":{"rendered":"https:\/\/www.bbscgm.de\/?page_id=23"},"modified":"2024-07-16T17:55:23","modified_gmt":"2024-07-16T15:55:23","slug":"arbeitswissenschaftliche-methoden-refa","status":"publish","type":"page","link":"https:\/\/www.bbs-cgm.de\/?page_id=23","title":{"rendered":"Arbeitswissenschaftliche Methoden (REFA)"},"content":{"rendered":"\n<p><strong>3-Tage Intensiv-Seminar<\/strong><\/p>\n\n\n\n<p><strong>Arbeitssystem- und Prozessgestaltung<\/strong><\/p>\n\n\n\n<p><strong>Das Arbeitssystem \u2013 Grundlagen und Prozesse<\/strong><\/p>\n\n\n\n<p>Begriffe wie Arbeitssystem, Zeitdaten, Prozesse, Kosten oder Ergonomie sind Ihnen sicher bekannt. Aber was steckt in der Arbeitswelt wirklich dahinter? In diesem ersten Teil des Basiskompetenz \u2013 Seminars machen Sie sich mit diesen und vielen praktischen Methoden rund um die Analyse und Gestaltung von Arbeit vertraut.<\/p>\n\n\n\n<p><strong>Seminarziel<\/strong><\/p>\n\n\n\n<ul class=\"wp-block-list\">\n<li>Sie k\u00f6nnen betriebliche Zeitdaten ermitteln, analysieren und auswerten<\/li>\n\n\n\n<li>Sie k\u00f6nnen Leistungsgradbeurteilungen und Verteilzeitaufnahmen&nbsp;durchf\u00fchren<\/li>\n\n\n\n<li>Sie k\u00f6nnen Zeitdaten bei Gruppen- und Mehrstellenarbeit ermitteln<\/li>\n\n\n\n<li>Sie k\u00f6nnen eine Multimomentaufnahme zur Zeitdatenermittlung planen und durchf\u00fchren<\/li>\n\n\n\n<li>Sie sind mit vielf\u00e4ltigen Methoden zur Ermittlung und Nutzung von arbeitsbezogenen Daten vertraut.<\/li>\n<\/ul>\n\n\n\n<ul class=\"wp-block-list\">\n<li>Zeitstudien sind eine spezielle Methode, um Daten eines zu beurteilenden oder zu ver\u00e4ndernden Prozesses zu gewinnen.<\/li>\n\n\n\n<li>Ausnahmen bilden nur Dokumentationen des Ist-Zustandes f\u00fcr z.B. gutachterliche Zwecke, bei denen eine Gestaltung nicht das Ziel der Untersuchung ist.<\/li>\n\n\n\n<li>Zeitstudien haben das aussagekr\u00e4ftige Beschreiben von gestalteten Prozessabschnitten und die damit verbundene Darst<\/li>\n\n\n\n<li>Zeitstudien beginnen immer mit einer intensiven, vorbereitenden Betrachtung des zu analysierenden Prozesses. Dabei werden alle den Prozess charakterisierenden Gr\u00f6\u00dfen erfasst und dokumentiert. Nach der ersten kritischen Wertung sollte der Prozess gestaltet und dieses Ergebnis fixiert werden. Erst nachdem feststeht, dass der Prozess ein momentan zufriedenstellendes Optimum erreicht hat, ist die messende Erfassung und Auswertung der Zeitdaten sinnvoll.<\/li>\n\n\n\n<li>Feststellung des f\u00fcr die Ausf\u00fchrung des Prozesses notwendigen Zeitaufwandes zum Ziel.<\/li>\n<\/ul>\n\n\n\n<p><strong>Ihr Referent\/in Ihre Referenten<\/strong><\/p>\n\n\n\n<p><strong>Jean-Louis Wolf<\/strong><br>Unternehmensberater<\/p>\n\n\n\n<p><strong>Inhalt<\/strong><\/p>\n\n\n\n<ul class=\"wp-block-list\">\n<li>Einf\u00fchrung Prozessdatenmanagement<\/li>\n\n\n\n<li>Zeitdatenermittlung<\/li>\n\n\n\n<li>Leistungsgradbeurteilung<\/li>\n\n\n\n<li>Durchf\u00fchren und Auswerten von Zeitaufnahmen<\/li>\n\n\n\n<li>Verteilzeitaufnahme<\/li>\n\n\n\n<li>Erholungszeit<\/li>\n\n\n\n<li>Gruppenarbeit \u2013 Zeitdaten<\/li>\n\n\n\n<li>Multimomentaufnahme<\/li>\n\n\n\n<li>Vergleichen und Sch\u00e4tzen<\/li>\n\n\n\n<li>Interview und Selbstaufschreiben<\/li>\n\n\n\n<li>Planzeiten<\/li>\n\n\n\n<li>Systeme vorbestimmter Zeiten<\/li>\n\n\n\n<li>Datenerfassungssysteme\/BDE<\/li>\n\n\n\n<li>Fallbeispiele und \u00dcbungen<\/li>\n<\/ul>\n\n\n\n<p><strong>&nbsp;Seminar-Termin<\/strong><\/p>\n\n\n\n<p><strong>weitere Angebote f\u00fcr 2025 folgen in K\u00fcrze<\/strong><\/p>\n\n\n\n<p><strong>Seminar-Zeiten<\/strong><\/p>\n\n\n\n<p>Beginn am ersten Tag: 9:30 Uhr<br>Ende am letzten Tag: 16:00 Uhr<\/p>\n\n\n\n<p><strong>Seminar-Ort<\/strong><\/p>\n\n\n\n<p>Raum Villingen-Schwenningen, Hotel wird rechtzeitig bekanntgegeben<\/p>\n\n\n\n<p><strong>Seminar-Kosten<\/strong><\/p>\n\n\n\n<p>\u20ac 970,-&nbsp;(brutto) bei 1 Teilnehmer, plus \u00dcbernachtung<\/p>\n\n\n\n<p><strong>Fahrtkosten<\/strong><\/p>\n\n\n\n<p>Die Fahrtkosten sind vom Teilnehmer direkt mit dem Arbeitgeber abzurechnen. Es gelten die betriebs\u00fcblichen<\/p>\n\n\n\n<p>Fahrtkostenregelungen.<\/p>\n\n\n\n<p><strong>Auskunft und Anmeldung<\/strong><\/p>\n\n\n\n<ul class=\"wp-block-list\">\n<li>Die Anmeldung muss schriftlich erfolgen. Sie k\u00f6nnen hierzu gerne den umseitigen Abschnitt benutzen.<\/li>\n\n\n\n<li>Jeder Teilnehmer erh\u00e4lt eine schriftliche Anmeldebest\u00e4tigung.<\/li>\n\n\n\n<li>Bei Stornierung der Anmeldung gelten folgende Regelungen:<\/li>\n<\/ul>\n\n\n\n<p>Bei R\u00fccktritt bis 3 Wochen vor Seminarbeginn fallen keine Kosten an.<br>Bei R\u00fccktritt bis eine Woche vor Seminarbeginn stellen wir 20 % der Teilnehmergeb\u00fchr in Rechnung.<br>Bei kurzfristiger Absage innerhalb einer Woche sind 50% der Teilnehmergeb\u00fchr zu zahlen.<br>Bei Nichtteilnahme ohne vorherige Absage ist die volle Teilnehmergeb\u00fchr f\u00e4llig.<\/p>\n\n\n\n<p><strong>Der Arbeitgeber ist zur \u00dcbernahme der Kosten nach dem BetrVG verpflichtet.<\/strong><\/p>\n","protected":false},"excerpt":{"rendered":"<p>3-Tage Intensiv-Seminar Arbeitssystem- und Prozessgestaltung Das Arbeitssystem \u2013 Grundlagen und Prozesse Begriffe wie Arbeitssystem, Zeitdaten, Prozesse, Kosten oder Ergonomie sind Ihnen sicher bekannt. Aber was steckt in der Arbeitswelt wirklich dahinter? In diesem ersten Teil des Basiskompetenz \u2013 Seminars machen Sie sich mit diesen und vielen praktischen Methoden rund um die Analyse und Gestaltung von &hellip; <\/p>\n<p class=\"link-more\"><a href=\"https:\/\/www.bbs-cgm.de\/?page_id=23\" class=\"more-link\">Mehr <span class=\"screen-reader-text\">\u00fcber &#8222;Arbeitswissenschaftliche Methoden (REFA)&#8220; <\/span>Lesen<\/a><\/p>\n","protected":false},"author":1,"featured_media":0,"parent":0,"menu_order":0,"comment_status":"closed","ping_status":"closed","template":"","meta":{"footnotes":""},"class_list":["post-23","page","type-page","status-publish","hentry"],"_links":{"self":[{"href":"https:\/\/www.bbs-cgm.de\/index.php?rest_route=\/wp\/v2\/pages\/23","targetHints":{"allow":["GET"]}}],"collection":[{"href":"https:\/\/www.bbs-cgm.de\/index.php?rest_route=\/wp\/v2\/pages"}],"about":[{"href":"https:\/\/www.bbs-cgm.de\/index.php?rest_route=\/wp\/v2\/types\/page"}],"author":[{"embeddable":true,"href":"https:\/\/www.bbs-cgm.de\/index.php?rest_route=\/wp\/v2\/users\/1"}],"replies":[{"embeddable":true,"href":"https:\/\/www.bbs-cgm.de\/index.php?rest_route=%2Fwp%2Fv2%2Fcomments&post=23"}],"version-history":[{"count":2,"href":"https:\/\/www.bbs-cgm.de\/index.php?rest_route=\/wp\/v2\/pages\/23\/revisions"}],"predecessor-version":[{"id":137,"href":"https:\/\/www.bbs-cgm.de\/index.php?rest_route=\/wp\/v2\/pages\/23\/revisions\/137"}],"wp:attachment":[{"href":"https:\/\/www.bbs-cgm.de\/index.php?rest_route=%2Fwp%2Fv2%2Fmedia&parent=23"}],"curies":[{"name":"wp","href":"https:\/\/api.w.org\/{rel}","templated":true}]}}