{"id":35,"date":"2022-12-20T14:46:09","date_gmt":"2022-12-20T13:46:09","guid":{"rendered":"https:\/\/www.bbscgm.de\/?page_id=35"},"modified":"2024-07-16T18:02:17","modified_gmt":"2024-07-16T16:02:17","slug":"digitale-zukunft-im-betrieb-fuer-betriebsraete-und-jugendvertreter","status":"publish","type":"page","link":"https:\/\/www.bbs-cgm.de\/?page_id=35","title":{"rendered":"Digitale Zukunft im Betrieb f\u00fcr Betriebsr\u00e4te und Jugendvertreter"},"content":{"rendered":"\n<p><strong>2-Tage Intensiv- Tagung<\/strong><\/p>\n\n\n\n<p><strong>Digitale Zukunft im Betrieb f\u00fcr Betriebsr\u00e4te und Jugendvertreter<\/strong><\/p>\n\n\n\n<p><strong>Was hei\u00dft dies f\u00fcr uns als Vertreter des Betriebsrates?<\/strong><\/p>\n\n\n\n<p>In dieser zweit\u00e4gigen Klausurtagung diskutieren wir unsere Position werks\u00fcbergreifend, um strategisch f\u00fcr die Zukunft ger\u00fcstet zu sein.<\/p>\n\n\n\n<p><strong>Ihre Moderatoren<\/strong><\/p>\n\n\n\n<p>Jean-Louis Wolf<\/p>\n\n\n\n<p>Ralf Holten<\/p>\n\n\n\n<p><strong>Ihr Referent<\/strong><\/p>\n\n\n\n<p>Dipl.Ing. (FH) Berthold Zehnder<\/p>\n\n\n\n<p><strong>Inhalt<\/strong><\/p>\n\n\n\n<ul class=\"wp-block-list\">\n<li>Begr\u00fc\u00dfung<\/li>\n\n\n\n<li>Situation der einzelnen Standort und Betriebe&nbsp;&nbsp;&nbsp;&nbsp;&nbsp;&nbsp; &nbsp; &nbsp; &nbsp; &nbsp; &nbsp; &nbsp; &nbsp; &nbsp; &nbsp;&nbsp;<br>Aktuelle Betriebsvereinbarungen und rechtliche Pr\u00fcfung i.S.d. BetrVG<\/li>\n<\/ul>\n\n\n\n<ul class=\"wp-block-list\">\n<li>Mobiles Arbeiten<br>&nbsp; &nbsp; &nbsp;die betrieblichen Regelungen in Ihrer rechtlichen Auspr\u00e4gung<\/li>\n\n\n\n<li>Leadership 2020 Fit for future&nbsp;&nbsp;&nbsp;&nbsp; &nbsp; &nbsp; &nbsp; &nbsp; &nbsp; &nbsp; &nbsp; &nbsp; &nbsp; &nbsp; &nbsp; &nbsp; &nbsp; &nbsp; &nbsp; &nbsp; &nbsp; &nbsp; &nbsp; &nbsp; &nbsp;&nbsp; &nbsp; &nbsp;<br>Umsetzung und betriebsverfassungsrechtliche<\/li>\n\n\n\n<li>Zukunftsauswirkungen der Elektromobilit\u00e4t&nbsp;&nbsp;&nbsp;&nbsp;&nbsp;&nbsp;&nbsp;&nbsp;&nbsp;&nbsp;&nbsp;&nbsp;&nbsp;&nbsp;&nbsp;&nbsp;&nbsp;&nbsp; &nbsp; &nbsp; &nbsp; &nbsp;&nbsp; Mitbestimmung im Einzelfall<\/li>\n\n\n\n<li>Mitbestimmung im Betrieb, insbesondere JAV-Wahlen<\/li>\n<\/ul>\n\n\n\n<ul class=\"wp-block-list\">\n<li>Nachbetrachtung<\/li>\n\n\n\n<li>Impulsreferat \u201eIT-Sicherheit \u201e Die M\u00f6glichkeiten der IT er\u00f6ffnen immer neue Chancen<br>\u2026 nur, h\u00e4lt die Sicherheit den wachsenden Herausforderungen auch stand?<\/li>\n<\/ul>\n\n\n\n<p>Referent: Dipl.Ing. (FH) Berthold Zehnder,&nbsp;<strong>Zehnder<\/strong>&nbsp;Solution<\/p>\n\n\n\n<p><strong>&nbsp;Seminar-Termin<\/strong><\/p>\n\n\n\n<p><strong>f\u00fcr das Q4 2024 und Jahr 2025 folgen in K\u00fcrze<\/strong><\/p>\n\n\n\n<p><strong>&nbsp;Seminar-Zeiten<\/strong><\/p>\n\n\n\n<p>Beginn am ersten Tag: 9:30 Uhr<br>Ende am letzten Tag: 16:30 Uhr<\/p>\n\n\n\n<p><strong>Seminar-Ort<\/strong><\/p>\n\n\n\n<p>geplant&nbsp;Raum Speyer<\/p>\n\n\n\n<p><strong>Seminar-Kosten<\/strong><\/p>\n\n\n\n<p>\u20ac 990,- (brutto) , plus \u00dcbernachtung<\/p>\n\n\n\n<p><strong>Fahrtkosten<\/strong><\/p>\n\n\n\n<p>Die Fahrtkosten sind vom Teilnehmer direkt mit dem Arbeitgeber abzurechnen. Es gelten die betriebs\u00fcblichen<\/p>\n\n\n\n<p>Fahrtkostenregelungen.<\/p>\n\n\n\n<p><strong>Auskunft und Anmeldung<\/strong><\/p>\n\n\n\n<ul class=\"wp-block-list\">\n<li>Die Anmeldung muss schriftlich erfolgen. Sie k\u00f6nnen hierzu gerne den umseitigen Abschnitt benutzen.<\/li>\n\n\n\n<li>Jeder Teilnehmer erh\u00e4lt eine schriftliche Anmeldebest\u00e4tigung.<\/li>\n\n\n\n<li>Bei Stornierung der Anmeldung gelten folgende Regelungen:<\/li>\n<\/ul>\n\n\n\n<p>Bei R\u00fccktritt bis 3 Wochen vor Seminarbeginn fallen keine Kosten an.<\/p>\n\n\n\n<p>Bei R\u00fccktritt bis eine Woche vor Seminarbeginn stellen wir 20 % der Teilnehmergeb\u00fchr in Rechnung.<\/p>\n\n\n\n<p>Bei kurzfristiger Absage innerhalb einer Woche sind 50% der Teilnehmergeb\u00fchr zu zahlen.<\/p>\n\n\n\n<p>Bei Nichtteilnahme ohne vorherige Absage ist die volle Teilnehmergeb\u00fchr f\u00e4llig.<\/p>\n\n\n\n<p>Bei R\u00fcckfragen wenden Sie sich direkt an uns unter der angegebenen Adresse.<\/p>\n\n\n\n<p><strong>Der Arbeitgeber ist zur \u00dcbernahme der Kosten nach \u00a7 37.6 BetrVG und \u00a7 96 Abs. 4 SGB IX verpflichtet.<\/strong><\/p>\n\n\n\n<p>Hier auch Angaben zu den Hotelkosten mit und ohne \u00dcbernachtung.<\/p>\n","protected":false},"excerpt":{"rendered":"<p>2-Tage Intensiv- Tagung Digitale Zukunft im Betrieb f\u00fcr Betriebsr\u00e4te und Jugendvertreter Was hei\u00dft dies f\u00fcr uns als Vertreter des Betriebsrates? In dieser zweit\u00e4gigen Klausurtagung diskutieren wir unsere Position werks\u00fcbergreifend, um strategisch f\u00fcr die Zukunft ger\u00fcstet zu sein. Ihre Moderatoren Jean-Louis Wolf Ralf Holten Ihr Referent Dipl.Ing. (FH) Berthold Zehnder Inhalt Referent: Dipl.Ing. (FH) Berthold Zehnder,&nbsp;Zehnder&nbsp;Solution &hellip; <\/p>\n<p class=\"link-more\"><a href=\"https:\/\/www.bbs-cgm.de\/?page_id=35\" class=\"more-link\">Mehr <span class=\"screen-reader-text\">\u00fcber &#8222;Digitale Zukunft im Betrieb f\u00fcr Betriebsr\u00e4te und Jugendvertreter&#8220; <\/span>Lesen<\/a><\/p>\n","protected":false},"author":1,"featured_media":0,"parent":0,"menu_order":0,"comment_status":"closed","ping_status":"closed","template":"","meta":{"footnotes":""},"class_list":["post-35","page","type-page","status-publish","hentry"],"_links":{"self":[{"href":"https:\/\/www.bbs-cgm.de\/index.php?rest_route=\/wp\/v2\/pages\/35","targetHints":{"allow":["GET"]}}],"collection":[{"href":"https:\/\/www.bbs-cgm.de\/index.php?rest_route=\/wp\/v2\/pages"}],"about":[{"href":"https:\/\/www.bbs-cgm.de\/index.php?rest_route=\/wp\/v2\/types\/page"}],"author":[{"embeddable":true,"href":"https:\/\/www.bbs-cgm.de\/index.php?rest_route=\/wp\/v2\/users\/1"}],"replies":[{"embeddable":true,"href":"https:\/\/www.bbs-cgm.de\/index.php?rest_route=%2Fwp%2Fv2%2Fcomments&post=35"}],"version-history":[{"count":2,"href":"https:\/\/www.bbs-cgm.de\/index.php?rest_route=\/wp\/v2\/pages\/35\/revisions"}],"predecessor-version":[{"id":143,"href":"https:\/\/www.bbs-cgm.de\/index.php?rest_route=\/wp\/v2\/pages\/35\/revisions\/143"}],"wp:attachment":[{"href":"https:\/\/www.bbs-cgm.de\/index.php?rest_route=%2Fwp%2Fv2%2Fmedia&parent=35"}],"curies":[{"name":"wp","href":"https:\/\/api.w.org\/{rel}","templated":true}]}}