{"id":63,"date":"2022-12-20T14:54:41","date_gmt":"2022-12-20T13:54:41","guid":{"rendered":"https:\/\/www.bbscgm.de\/?page_id=63"},"modified":"2024-07-16T18:10:23","modified_gmt":"2024-07-16T16:10:23","slug":"lebendige-demokratie-beginnt-am-arbeitsplatz-iv","status":"publish","type":"page","link":"https:\/\/www.bbs-cgm.de\/?page_id=63","title":{"rendered":"Lebendige Demokratie beginnt am Arbeitsplatz IV"},"content":{"rendered":"\n<p>Aufbaustufe III<\/p>\n\n\n\n<p><strong>Lebendige Demokratie beginnt am Arbeitsplatz Aufbaustufe IV<\/strong><\/p>\n\n\n\n<p>Mit der Demokratie im Wandel und dem gesellschaftlichen Zusammenhalt wird es immer wichtiger in den Belegschaften die entscheidenden Voraussetzungen, f\u00fcr die Entwicklung einer zukunftsgerichteten und besch\u00e4ftigungssichernden Politik im Betrieb zu schaffen. Auch f\u00fcr Arbeitnehmer sich dazu fortzubilden. In der Reihe der arbeitspolitischen und arbeitssicherheits- sowie arbeitsrechtlichen Weiterbildung und Qualifizierung ist dieses Seminar aufbauend und vertiefend mit \u00fcberbetrieblichen und internationalen Bez\u00fcgen. Auch die sozialversicherungsrechtlichen Querverbindungen und Grundlagen der Sozialsysteme werden erarbeitet.<\/p>\n\n\n\n<p>Seminar-Nr.:\u00a0\u00a0\u00a0\u00a0\u00a0\u00a0\u00a0\u00a0\u00a0\u00a0\u00a0\u00a0\u00a0 BzG-IV Sifi2024-10-XX<\/p>\n\n\n\n<p>Thema:&nbsp;&nbsp;&nbsp;&nbsp;&nbsp;&nbsp;&nbsp;&nbsp;&nbsp;&nbsp;&nbsp;&nbsp;&nbsp;&nbsp;&nbsp;&nbsp;&nbsp;&nbsp;&nbsp;&nbsp;&nbsp;&nbsp; Lebendige Demokratie beginnt am Arbeitsplatz<\/p>\n\n\n\n<p>&nbsp;&nbsp;&nbsp;&nbsp;&nbsp;&nbsp;&nbsp;&nbsp;&nbsp;&nbsp;&nbsp;&nbsp;&nbsp;&nbsp;&nbsp;&nbsp;&nbsp;&nbsp;&nbsp;&nbsp;&nbsp;&nbsp;&nbsp;&nbsp;&nbsp;&nbsp;&nbsp;&nbsp;&nbsp;&nbsp;&nbsp;&nbsp;&nbsp;&nbsp;&nbsp; Aufbaustufe IVa<\/p>\n\n\n\n<p>Termin:\u00a0\u00a0\u00a0\u00a0\u00a0\u00a0\u00a0\u00a0\u00a0\u00a0\u00a0\u00a0\u00a0\u00a0\u00a0\u00a0\u00a0\u00a0\u00a0\u00a0\u00a0\u00a0keine weiteren f\u00fcr 2024 geplant; weiteres zu 2025 folgt<br>\u00a0\u00a0\u00a0\u00a0\u00a0\u00a0\u00a0\u00a0\u00a0\u00a0\u00a0\u00a0\u00a0\u00a0\u00a0\u00a0\u00a0\u00a0\u00a0\u00a0\u00a0\u00a0\u00a0\u00a0\u00a0\u00a0\u00a0\u00a0\u00a0\u00a0\u00a0\u00a0\u00a0\u00a0\u00a0\u00a0\u00a0\u00a0\u00a0\u00a0\u00a0\u00a0\u00a0\u00a0\u00a0\u00a0\u00a0\u00a0\u00a0\u00a0\u00a0\u00a0\u00a0\u00a0\u00a0\u00a0\u00a0\u00a0 Anreise bis 09:00 Uhr, Abreise ab ca. 16:30 Uhr<\/p>\n\n\n\n<p>Ort:&nbsp;&nbsp;&nbsp;&nbsp;&nbsp;&nbsp;&nbsp;&nbsp;&nbsp;&nbsp;&nbsp;&nbsp;&nbsp;&nbsp;&nbsp;&nbsp;&nbsp;&nbsp;&nbsp;&nbsp;&nbsp;&nbsp;&nbsp;&nbsp;&nbsp;&nbsp;&nbsp;&nbsp; BBS-Schulungszentrum<br>Mercedesstr. 17 I<br>71063 Sindelfingen<br>Tel: (07031) 7155730; www.bbs-cgm.de<\/p>\n\n\n\n<p>Veranstalter:&nbsp;&nbsp;&nbsp;&nbsp;&nbsp;&nbsp;&nbsp;&nbsp;&nbsp;&nbsp;&nbsp;&nbsp;&nbsp; BBS Berufsbildungsst\u00e4tte e.V.<br>&nbsp;&nbsp;&nbsp;&nbsp;&nbsp;&nbsp;&nbsp;&nbsp;&nbsp;&nbsp;&nbsp;&nbsp;&nbsp;&nbsp;&nbsp;&nbsp;&nbsp;&nbsp;&nbsp;&nbsp;&nbsp;&nbsp;&nbsp;&nbsp;&nbsp;&nbsp;&nbsp;&nbsp;&nbsp;&nbsp;&nbsp;&nbsp;&nbsp;&nbsp;&nbsp; (anerkannte Bildungseinrichtung nach dem Bildungszeitgesetz BW)<br>&nbsp;&nbsp;&nbsp;&nbsp;&nbsp;&nbsp;&nbsp;&nbsp;&nbsp;&nbsp;&nbsp;&nbsp;&nbsp;&nbsp;&nbsp;&nbsp;&nbsp;&nbsp;&nbsp;&nbsp;&nbsp;&nbsp;&nbsp;&nbsp;&nbsp;&nbsp;&nbsp;&nbsp;&nbsp;&nbsp;&nbsp;&nbsp;&nbsp;&nbsp;&nbsp; Mercedesstr. 17 I, 71063 Sindelfingen&nbsp;&nbsp;&nbsp;&nbsp;&nbsp;&nbsp;&nbsp;&nbsp;&nbsp;&nbsp;&nbsp;&nbsp;&nbsp;&nbsp;&nbsp;&nbsp;&nbsp;&nbsp; &nbsp;&nbsp;&nbsp;&nbsp;&nbsp;&nbsp;&nbsp;&nbsp;&nbsp;&nbsp;&nbsp;&nbsp;&nbsp;&nbsp;&nbsp;&nbsp;&nbsp;&nbsp;&nbsp;&nbsp;&nbsp;&nbsp;&nbsp;&nbsp;&nbsp;&nbsp;&nbsp;&nbsp;&nbsp;&nbsp;&nbsp;&nbsp;&nbsp;&nbsp;&nbsp;&nbsp;&nbsp;&nbsp;&nbsp;&nbsp;&nbsp;&nbsp;&nbsp;&nbsp;&nbsp;&nbsp;&nbsp;&nbsp;&nbsp;&nbsp;&nbsp;&nbsp; &nbsp;&nbsp;&nbsp;&nbsp;&nbsp;&nbsp;&nbsp;&nbsp;&nbsp;&nbsp;&nbsp;&nbsp;&nbsp;&nbsp;&nbsp;&nbsp;&nbsp;&nbsp;&nbsp;&nbsp;&nbsp;&nbsp;&nbsp;&nbsp;&nbsp;&nbsp;&nbsp;&nbsp;&nbsp;&nbsp;&nbsp;&nbsp;&nbsp;&nbsp;<br>&nbsp;&nbsp;&nbsp;&nbsp;&nbsp;&nbsp;&nbsp;&nbsp;&nbsp;&nbsp;&nbsp;&nbsp;&nbsp;&nbsp;&nbsp;&nbsp;&nbsp;&nbsp;&nbsp;&nbsp;&nbsp;&nbsp;&nbsp;&nbsp;&nbsp;&nbsp;&nbsp;&nbsp;&nbsp;&nbsp;&nbsp;&nbsp;&nbsp;&nbsp;&nbsp; Telefon: 07031 7155730, Fax: 07031 7155711<\/p>\n\n\n\n<p>Referentenkreis:&nbsp;Ralf Holten; Referenten angefragt (DRV Bw)*;<br>Referenten angefragt (bfk)<sup>*<\/sup><br>&nbsp;&nbsp;&nbsp;<sup>&nbsp;&nbsp;&nbsp;&nbsp;&nbsp;&nbsp;&nbsp;&nbsp;&nbsp;&nbsp;&nbsp;&nbsp;&nbsp;&nbsp;&nbsp;&nbsp;&nbsp;&nbsp;&nbsp;&nbsp;&nbsp;&nbsp;&nbsp;&nbsp;&nbsp;&nbsp;&nbsp;&nbsp;&nbsp;&nbsp;&nbsp;&nbsp;&nbsp;&nbsp;&nbsp;&nbsp;&nbsp;&nbsp;&nbsp;&nbsp;&nbsp;&nbsp;&nbsp;&nbsp;&nbsp;&nbsp;&nbsp;&nbsp;&nbsp;&nbsp;&nbsp;&nbsp;&nbsp;&nbsp;&nbsp;&nbsp;&nbsp;&nbsp;&nbsp;&nbsp;&nbsp;&nbsp;&nbsp;&nbsp;&nbsp;&nbsp;&nbsp;&nbsp;&nbsp;&nbsp; *(angefragt, \u00c4nderungen vorbehalten)<\/sup><\/p>\n\n\n\n<p>Seminarzeiten:&nbsp;&nbsp;&nbsp; 08:30 \u2013 17:30 Uhr, inklusive Mittag und Kurzpausen<\/p>\n\n\n\n<p>BBS Berufsbildungsst\u00e4tte der CGM e.V.<br>Mercedesstr. 17 I&nbsp;&nbsp;&nbsp;&nbsp;&nbsp;&nbsp;&nbsp;&nbsp;&nbsp;&nbsp;&nbsp;&nbsp;&nbsp;&nbsp;&nbsp;&nbsp;&nbsp;&nbsp;&nbsp;&nbsp;&nbsp;&nbsp;&nbsp;&nbsp;&nbsp;&nbsp;&nbsp;&nbsp;&nbsp;&nbsp;&nbsp;&nbsp;&nbsp;&nbsp;&nbsp;&nbsp;&nbsp;&nbsp;&nbsp;&nbsp;&nbsp;&nbsp;&nbsp;&nbsp; &nbsp;&nbsp;&nbsp;&nbsp;&nbsp;&nbsp;&nbsp;&nbsp;&nbsp;&nbsp;&nbsp;&nbsp;&nbsp;&nbsp;&nbsp;&nbsp;&nbsp;&nbsp;&nbsp;&nbsp;&nbsp;&nbsp;&nbsp;&nbsp;&nbsp;&nbsp;&nbsp;&nbsp;&nbsp;&nbsp;&nbsp;&nbsp;&nbsp;&nbsp;&nbsp;&nbsp;&nbsp;&nbsp;&nbsp;&nbsp;&nbsp;&nbsp;&nbsp;&nbsp;&nbsp;&nbsp;&nbsp;&nbsp;&nbsp;&nbsp; &nbsp;&nbsp;71063 Sindelfingen&nbsp;&nbsp;&nbsp;&nbsp;&nbsp;&nbsp;<\/p>\n\n\n\n<p><br><strong>***Seminarinhalt***<\/strong><\/p>\n\n\n\n<p><strong>Darstellung und Grundlagen zum System des deutschen Arbeitsrechts I<\/strong><\/p>\n\n\n\n<p>Von der Begr\u00fcndung bis zur Beendigung eines Arbeitsvertrages, Teilzeit und Befristung im Vergleich zum \u201eNormalarbeitsverh\u00e4ltnis\u201c, Konfliktsituationen am Arbeitsplatz erkennen, lernen damit umzugehen und zu bew\u00e4ltigen.<\/p>\n\n\n\n<p><strong>Darstellung und Grundlagen zum System des deutschen Arbeitsrechts II<\/strong><\/p>\n\n\n\n<p>Von der Gesetzgebung zur Rechtsprechung, die Normenhierarchie, die Rolle der Sozialpartner, Rechte und Pflichten der Arbeitgeber und Arbeitnehmer im Spiegel umfangreicher Gesetze, Verordnungen und Tarifvertr\u00e4ge, Diskussion \u00fcber Ver\u00e4nderungen mit der Digitalisierung der Arbeitswelt, Gruppenarbeit mit L\u00f6sungsfindung, Auswertung<\/p>\n\n\n\n<p><strong>Gewerkschaftsrechte im Betrieb und Stellung des Einzelnen<\/strong><\/p>\n\n\n\n<p>Information und Kommunikation, Grundlagen der Zusammen&nbsp;&nbsp;&nbsp;&nbsp;&nbsp;&nbsp;&nbsp; arbeit von Betriebsrat und gewerkschaftlichen Vertrauensk\u00f6rpern, Recht des &nbsp;&nbsp;&nbsp;&nbsp;&nbsp;&nbsp;&nbsp;&nbsp;&nbsp; Einzelnen auf Information und Anh\u00f6rung, Besondere Einzelf\u00e4lle, Von der Absicht \u201eKandidat\u201c zum Mandat, Was bedeutet Gremienarbeit? Wahlen zu Arbeitnehmervertretungen<\/p>\n\n\n\n<p><strong>Informations- und Schweigepflicht auf Grundlage gesetzlicher Vorschriften<\/strong><\/p>\n\n\n\n<p>Information als Machtmittel, Einf\u00fchrung in Betriebsverfassung und die Wahlordnung, Schutz und Rechte der Minderheiten, interkultureller Umgang, Konfliktsituationen am Arbeitsplatz begegnen<\/p>\n\n\n\n<p><strong>Soziale Sicherheit im Jahr 2022\/2023 \u2013 Soziale Sicherungssysteme der Bundesrepublik<\/strong>&nbsp;<strong>Deutschland<\/strong><\/p>\n\n\n\n<p>Aus der Praxis \u2013 f\u00fcr die Praxis, Neue gesetzliche Vorschriften im Sozial- und Rentenrecht, Altersteilzeit und Pflegezeit, die Situation in den Sozialver-sicherungen und politische Konzepte<br>Besondere Einzelf\u00e4lle vom einfachen Unfall bis zur Erwerbsunf\u00e4higkeit<\/p>\n\n\n\n<p><strong>Erk\u00e4mpfte Erfolge und Herausforderungen der Zukunft<\/strong><\/p>\n\n\n\n<p>Qualifizierung und Besch\u00e4ftigungssicherung, Transformation und Industrie 4.0, Betriebsmitbestimmung und Balance von Familie und Beruf (homeoffice und hybride Arbeitsformen), Rechte der Besch\u00e4ftigten und deren Angeh\u00f6rigen<\/p>\n\n\n\n<p><strong>Tarifpolitik der Gewerkschaften als Teil der Besch\u00e4ftigungspolitik: &nbsp;&nbsp; national und international<\/strong><\/p>\n\n\n\n<p>Verflechtungen des Wirtschaftshandeln und deren Auswirkungen auf die Arbeitsbeziehungen im fortschreitenden 21. Jahrhundert mit deren zunehmender Dynamik f\u00fcr den Einzelnen<br>u.a. die Themen Standortfragen und Fachkr\u00e4ftenachwuchs, Lieferketten und Abh\u00e4ngigkeiten, Rechte der Besch\u00e4ftigten und deren Angeh\u00f6rigen, Arbeitswelt 4.0 und wie sich die Arbeitswelt wandeln wird<\/p>\n\n\n\n<p>\u00dcberbetriebliche und europaweite ja international Verflechtungen des Wirtschaftshandeln und deren Auswirkungen auf die Arbeitsbeziehungen im fortschreitenden 21. Jahrhundert mit deren zunehmender Dynamik f\u00fcr den Einzelnen<br>u.a. die Themen Standortfragen und Fachkr\u00e4ftenachwuchs, Rechte der Besch\u00e4ftigten und deren Angeh\u00f6rigen, Arbeitswelt 4.0 und wie sich die Arbeitswelt wandeln wird<\/p>\n\n\n\n<p>Ausschreibung:<br>hier folgt ein entsprechendes pdf-Dokument<\/p>\n\n\n\n<p>Zur Anmeldung folgen Sie dem n\u00e4chsten Formular:<\/p>\n\n\n\n<p>Anmeldung:<br>hier folgt ein entsprechendes pdf-Dokument<\/p>\n","protected":false},"excerpt":{"rendered":"<p>Aufbaustufe III Lebendige Demokratie beginnt am Arbeitsplatz Aufbaustufe IV Mit der Demokratie im Wandel und dem gesellschaftlichen Zusammenhalt wird es immer wichtiger in den Belegschaften die entscheidenden Voraussetzungen, f\u00fcr die Entwicklung einer zukunftsgerichteten und besch\u00e4ftigungssichernden Politik im Betrieb zu schaffen. Auch f\u00fcr Arbeitnehmer sich dazu fortzubilden. In der Reihe der arbeitspolitischen und arbeitssicherheits- sowie arbeitsrechtlichen &hellip; <\/p>\n<p class=\"link-more\"><a href=\"https:\/\/www.bbs-cgm.de\/?page_id=63\" class=\"more-link\">Mehr <span class=\"screen-reader-text\">\u00fcber &#8222;Lebendige Demokratie beginnt am Arbeitsplatz IV&#8220; <\/span>Lesen<\/a><\/p>\n","protected":false},"author":1,"featured_media":0,"parent":0,"menu_order":0,"comment_status":"closed","ping_status":"closed","template":"","meta":{"footnotes":""},"class_list":["post-63","page","type-page","status-publish","hentry"],"_links":{"self":[{"href":"https:\/\/www.bbs-cgm.de\/index.php?rest_route=\/wp\/v2\/pages\/63","targetHints":{"allow":["GET"]}}],"collection":[{"href":"https:\/\/www.bbs-cgm.de\/index.php?rest_route=\/wp\/v2\/pages"}],"about":[{"href":"https:\/\/www.bbs-cgm.de\/index.php?rest_route=\/wp\/v2\/types\/page"}],"author":[{"embeddable":true,"href":"https:\/\/www.bbs-cgm.de\/index.php?rest_route=\/wp\/v2\/users\/1"}],"replies":[{"embeddable":true,"href":"https:\/\/www.bbs-cgm.de\/index.php?rest_route=%2Fwp%2Fv2%2Fcomments&post=63"}],"version-history":[{"count":2,"href":"https:\/\/www.bbs-cgm.de\/index.php?rest_route=\/wp\/v2\/pages\/63\/revisions"}],"predecessor-version":[{"id":153,"href":"https:\/\/www.bbs-cgm.de\/index.php?rest_route=\/wp\/v2\/pages\/63\/revisions\/153"}],"wp:attachment":[{"href":"https:\/\/www.bbs-cgm.de\/index.php?rest_route=%2Fwp%2Fv2%2Fmedia&parent=63"}],"curies":[{"name":"wp","href":"https:\/\/api.w.org\/{rel}","templated":true}]}}