{"id":78,"date":"2022-12-20T14:59:55","date_gmt":"2022-12-20T13:59:55","guid":{"rendered":"https:\/\/www.bbscgm.de\/?page_id=78"},"modified":"2022-12-20T14:59:55","modified_gmt":"2022-12-20T13:59:55","slug":"altersvorsorge-und-altersabsicherung","status":"publish","type":"page","link":"https:\/\/www.bbs-cgm.de\/?page_id=78","title":{"rendered":"Altersvorsorge und Altersabsicherung"},"content":{"rendered":"\n<p>Zusammenspiel von gesetzlicher, betrieblicher und privater Vorsorge<\/p>\n\n\n\n<p>Vorausschauend handeln<\/p>\n\n\n\n<p>In diesem Kompaktvortrag und anschlie\u00dfender Diskussion werden die unterschiedlichen M\u00f6glichkeiten der Vorsorge vorgestellt. Die Grundlagen von den gesetzlichen Rahmenbedingungen \u00fcber eine erweiterte private Vorsorge und im Betrieb geltende Vereinbarungen werden dargestellt. Es k\u00f6nnen allgemeine h\u00e4ufig aufkommende Fragen und Problemstellungen z.B. Kombinationen der Durchf\u00fchrungswege etc. er\u00f6rtert werden.<\/p>\n\n\n\n<p>Eine individuelle Rechtsberatung findet nicht statt.<\/p>\n\n\n\n<p>Termin: Samstag, den 10. Juli 2021<br>Uhrzeit ab 15:00 bis 18:00 Uhr<br>Referent Hanns Ernst, DVAG Sindelfingen<br>Ort: Gesch\u00e4ftsstelle Mercedesstr. 17 I in 71063 Sindelfingen<br>(Raum bitte aushang beachten)<\/p>\n\n\n\n<p>Dauer<br>ca. zwei Stunden mit halbe Stunde Pause<\/p>\n\n\n\n<p>Teilnehmerzahl zehn bis f\u00fcnfzehn Personen in Pr\u00e4enz m\u00f6glich, mit visueller Zuschaltung nach Voranmeldung<br>Anmeldung per email oder \u00fcber bekannte Kontaktdaten<\/p>\n\n\n\n<p><strong>Auskunft und Anmeldung<\/strong><\/p>\n\n\n\n<ul class=\"wp-block-list\">\n<li>Aufgrund der CORONA-bedingten Vorkehrungen und von uns ergriffenen und einzuhaltenden Ma\u00dfnahmen wird um vorherige Anmeldung gebeten.<br>Die Anmeldung muss schriftlich erfolgen. Sie k\u00f6nnen hierzu gerne den umseitigen Abschnitt benutzen.<\/li>\n\n\n\n<li>Jeder Teilnehmer erh\u00e4lt eine schriftliche Anmeldebest\u00e4tigung.<\/li>\n\n\n\n<li>Bei Stornierung der Anmeldung gelten folgende Regelungen:<br>Sofern durch die begrenzte Teilnehmerzahl sich Personen auf einer Warteliste befinden, werden diese nachr\u00fcckend ber\u00fccksichtigt.<\/li>\n<\/ul>\n\n\n\n<p>BBS-Schulungszentrum<br>Gesch\u00e4ftsstelle Sindelfingen<br>Mercedesstr. 17 I<br>71063 Sindelfingen<\/p>\n\n\n\n<p>Fortsetzung auch \u00fcber Vorsorgevollmachten, Patientenverf\u00fcgung Kurzarbeit und Steuern bei den weiteren Veranstaltungen der Vortragsreihe<\/p>\n","protected":false},"excerpt":{"rendered":"<p>Zusammenspiel von gesetzlicher, betrieblicher und privater Vorsorge Vorausschauend handeln In diesem Kompaktvortrag und anschlie\u00dfender Diskussion werden die unterschiedlichen M\u00f6glichkeiten der Vorsorge vorgestellt. Die Grundlagen von den gesetzlichen Rahmenbedingungen \u00fcber eine erweiterte private Vorsorge und im Betrieb geltende Vereinbarungen werden dargestellt. Es k\u00f6nnen allgemeine h\u00e4ufig aufkommende Fragen und Problemstellungen z.B. Kombinationen der Durchf\u00fchrungswege etc. er\u00f6rtert werden. &hellip; <\/p>\n<p class=\"link-more\"><a href=\"https:\/\/www.bbs-cgm.de\/?page_id=78\" class=\"more-link\">Mehr <span class=\"screen-reader-text\">\u00fcber &#8222;Altersvorsorge und Altersabsicherung&#8220; <\/span>Lesen<\/a><\/p>\n","protected":false},"author":1,"featured_media":0,"parent":0,"menu_order":0,"comment_status":"closed","ping_status":"closed","template":"","meta":{"footnotes":""},"class_list":["post-78","page","type-page","status-publish","hentry"],"_links":{"self":[{"href":"https:\/\/www.bbs-cgm.de\/index.php?rest_route=\/wp\/v2\/pages\/78","targetHints":{"allow":["GET"]}}],"collection":[{"href":"https:\/\/www.bbs-cgm.de\/index.php?rest_route=\/wp\/v2\/pages"}],"about":[{"href":"https:\/\/www.bbs-cgm.de\/index.php?rest_route=\/wp\/v2\/types\/page"}],"author":[{"embeddable":true,"href":"https:\/\/www.bbs-cgm.de\/index.php?rest_route=\/wp\/v2\/users\/1"}],"replies":[{"embeddable":true,"href":"https:\/\/www.bbs-cgm.de\/index.php?rest_route=%2Fwp%2Fv2%2Fcomments&post=78"}],"version-history":[{"count":1,"href":"https:\/\/www.bbs-cgm.de\/index.php?rest_route=\/wp\/v2\/pages\/78\/revisions"}],"predecessor-version":[{"id":79,"href":"https:\/\/www.bbs-cgm.de\/index.php?rest_route=\/wp\/v2\/pages\/78\/revisions\/79"}],"wp:attachment":[{"href":"https:\/\/www.bbs-cgm.de\/index.php?rest_route=%2Fwp%2Fv2%2Fmedia&parent=78"}],"curies":[{"name":"wp","href":"https:\/\/api.w.org\/{rel}","templated":true}]}}