{"id":80,"date":"2022-12-20T15:00:06","date_gmt":"2022-12-20T14:00:06","guid":{"rendered":"https:\/\/www.bbscgm.de\/?page_id=80"},"modified":"2024-07-16T18:09:29","modified_gmt":"2024-07-16T16:09:29","slug":"kurzarbeit-und-steuererklaerung-2022","status":"publish","type":"page","link":"https:\/\/www.bbs-cgm.de\/?page_id=80","title":{"rendered":"Kurzarbeit und Steuererkl\u00e4rung 2024"},"content":{"rendered":"\n<p>Aufgrund der in den verschiedenen Betrieben im Jahr 2024 vorgenommenen Absenkungen von Arbeitszeit und einem eventuellen Bezug von Kurzarbeit mit Aufstockungsbetr\u00e4gen oder sog. KUG der Agentur f\u00fcr Arbeit entstehen f\u00fcr viele Betroffene R\u00fcckfragen zu steuerlichen Auswirkungen. In der Metall- und Elektroinidustrie ist dies schon seit l\u00e4ngerer Zeit gelebt Praxis und auch in einer tarifvertraglichen L\u00f6sung abgebildet.<\/p>\n\n\n\n<p>In diesem Kompaktvortrag und anschlie\u00dfender Diskussion werden die unterschiedlichen betrieblichen Umsetzungen vorgestellt. Die Abl\u00e4ufe von der Information der Besch\u00e4ftigten, \u00fcber eine Bescheinigung im Betrieb bis hin zur sp\u00e4teren individuellen Ber\u00fccksichtigung in der Steuererkl\u00e4rung f\u00fcr das Jahr 2024 und deren Mitteilungspflichten werden dargestellt. Es k\u00f6nnen allgemeine h\u00e4ufig aufkommende Fragen und Problemstellungen z.B. Aufstockungsbtetrag etc. er\u00f6rtert werden.<\/p>\n\n\n\n<p>Eine individuelle Rechtsberatung findet nicht statt.<\/p>\n\n\n\n<p><strong>&nbsp;Vortrags-Termine<\/strong><\/p>\n\n\n\n<p>Samstag, den 13. Januar 2024 (bereits abgehalten)<br><strong>weitere f\u00fcr das Jahr 2025 folgen in K\u00fcrze<\/strong><\/p>\n\n\n\n<p><strong>&nbsp;Seminar-Zeiten<\/strong><\/p>\n\n\n\n<p>Beginn 14:30 Uhr<br>Ende 17:30 Uhr<\/p>\n\n\n\n<p><strong>Seminar-Ort<\/strong><\/p>\n\n\n\n<p>BBS-Gesch\u00e4ftsstelle, Sindelfingen<\/p>\n\n\n\n<p><strong>Seminar-Kosten<\/strong><\/p>\n\n\n\n<p>\u20ac 10,- (brutto) , keine \u00dcbernachtung<\/p>\n\n\n\n<p><strong>Fahrtkosten<\/strong><\/p>\n\n\n\n<p>Die Fahrtkosten sind vom Teilnehmer selbst zu tragen.<\/p>\n\n\n\n<p><strong>Auskunft und Anmeldung<\/strong><\/p>\n\n\n\n<ul class=\"wp-block-list\">\n<li>Aufgrund der ornaisatorischen Vorkehrungen und von uns ergriffenen und einzuhaltenden Ma\u00dfnahmen wird um vorherige Anmeldung gebeten.<br>Die Anmeldung muss schriftlich erfolgen. Sie k\u00f6nnen hierzu gerne den umseitigen Abschnitt benutzen.<\/li>\n\n\n\n<li>Jeder Teilnehmer erh\u00e4lt eine schriftliche Anmeldebest\u00e4tigung.<\/li>\n\n\n\n<li>Bei Stornierung der Anmeldung gelten folgende Regelungen:<br>Sofern durch die begrenzte Teilnehmerzahl sich Personen auf einer Warteliste befinden, werden diese nachr\u00fcckend ber\u00fccksichtigt.<\/li>\n<\/ul>\n\n\n\n<p>BBS-Schulungszentrum<br>Gesch\u00e4ftsstelle Sindelfingen<br>Mercedesstr. 17 I<br>71063 Sindelfingen<\/p>\n","protected":false},"excerpt":{"rendered":"<p>Aufgrund der in den verschiedenen Betrieben im Jahr 2024 vorgenommenen Absenkungen von Arbeitszeit und einem eventuellen Bezug von Kurzarbeit mit Aufstockungsbetr\u00e4gen oder sog. KUG der Agentur f\u00fcr Arbeit entstehen f\u00fcr viele Betroffene R\u00fcckfragen zu steuerlichen Auswirkungen. In der Metall- und Elektroinidustrie ist dies schon seit l\u00e4ngerer Zeit gelebt Praxis und auch in einer tarifvertraglichen L\u00f6sung &hellip; <\/p>\n<p class=\"link-more\"><a href=\"https:\/\/www.bbs-cgm.de\/?page_id=80\" class=\"more-link\">Mehr <span class=\"screen-reader-text\">\u00fcber &#8222;Kurzarbeit und Steuererkl\u00e4rung 2024&#8220; <\/span>Lesen<\/a><\/p>\n","protected":false},"author":1,"featured_media":0,"parent":0,"menu_order":0,"comment_status":"closed","ping_status":"closed","template":"","meta":{"footnotes":""},"class_list":["post-80","page","type-page","status-publish","hentry"],"_links":{"self":[{"href":"https:\/\/www.bbs-cgm.de\/index.php?rest_route=\/wp\/v2\/pages\/80","targetHints":{"allow":["GET"]}}],"collection":[{"href":"https:\/\/www.bbs-cgm.de\/index.php?rest_route=\/wp\/v2\/pages"}],"about":[{"href":"https:\/\/www.bbs-cgm.de\/index.php?rest_route=\/wp\/v2\/types\/page"}],"author":[{"embeddable":true,"href":"https:\/\/www.bbs-cgm.de\/index.php?rest_route=\/wp\/v2\/users\/1"}],"replies":[{"embeddable":true,"href":"https:\/\/www.bbs-cgm.de\/index.php?rest_route=%2Fwp%2Fv2%2Fcomments&post=80"}],"version-history":[{"count":3,"href":"https:\/\/www.bbs-cgm.de\/index.php?rest_route=\/wp\/v2\/pages\/80\/revisions"}],"predecessor-version":[{"id":152,"href":"https:\/\/www.bbs-cgm.de\/index.php?rest_route=\/wp\/v2\/pages\/80\/revisions\/152"}],"wp:attachment":[{"href":"https:\/\/www.bbs-cgm.de\/index.php?rest_route=%2Fwp%2Fv2%2Fmedia&parent=80"}],"curies":[{"name":"wp","href":"https:\/\/api.w.org\/{rel}","templated":true}]}}