{"id":82,"date":"2022-12-20T15:02:54","date_gmt":"2022-12-20T14:02:54","guid":{"rendered":"https:\/\/www.bbscgm.de\/?page_id=82"},"modified":"2023-01-05T17:21:16","modified_gmt":"2023-01-05T16:21:16","slug":"kontakt","status":"publish","type":"page","link":"https:\/\/www.bbs-cgm.de\/?page_id=82","title":{"rendered":"Kontakt &#038; Impressum"},"content":{"rendered":"\n<p>\u201eBerufsbildungsst\u00e4tte der CGM. e.V. (Christliche Gewerkschaft Metall)\u201c<br>Vereinsregister: Amtsgericht Stuttgart, Vereinsregisternummer: 721897<br>Vertreten durch den Vorstand: J\u00fcrgen Stahl (Vorsitzender)<\/p>\n\n\n\n<p>BBS-Berufsbildungsst\u00e4tte<br>Gesch\u00e4ftsstelle Sindelfingen<\/p>\n\n\n\n<p>Mercedesstr. 17 I<br>71063 Sindelfingen<\/p>\n\n\n\n<p>Tel.: 07031-7155730<br>Fax: 07031-7155711<\/p>\n\n\n\n<p>Die Berufsbildungsst\u00e4tte der CGM (kurz BBS genannt) ist ein Schulungs- und Bildungswerk christlich-sozialer Pr\u00e4gung. Zweck des Vereins ist die Information und Volksbildung zum Nutzen der Allgemeinheit, insbesondere die F\u00f6rderung der Berufsbildung.<\/p>\n\n\n\n<p>Satzungszweck wird verwirklicht insbesondere durch:<\/p>\n\n\n\n<p>Durchf\u00fchrung von Kursen, Lehrg\u00e4ngen und Seminaren sowie von Leistungswettbewerben und Pr\u00fcfungen. Die Zusammenarbeit mit Personen, Gesellschaften, Vereinen und Verb\u00e4nden sowie \u00f6ffentlichen und \u00f6ffentlich-rechtlichen Institutionen, die auf gleichem Gebiet t\u00e4tig sind. Die&nbsp;Aufgaben bestehen darin, Arbeitnehmern staatsb\u00fcrgerliche, gesellschafts- und wirtschaftspolitische Schulung und Bildung zu vermitteln.<\/p>\n\n\n\n<p>Die Unabh\u00e4ngigkeit unserer Einrichtung ist ein wesentlicher Bestandteil unserer Philosophie. Der Tr\u00e4gerverein finanziert sich ausschlie\u00dflich selbst und es bestehen keine Verpflichtungen gegen\u00fcber dritten Institutionen.<\/p>\n\n\n\n<p>Wir sind seit April 2016 durch die sicZert Zertifizierungen GmbH akkreditiert und zugelassen. Dieses wurde zuletzt am 06. April 2021 bis zum Jahr 2026 durch eine Tr\u00e4gerzulassung erneuert.<\/p>\n\n\n\n<div data-wp-interactive=\"core\/file\" class=\"wp-block-file\"><object data-wp-bind--hidden=\"!state.hasPdfPreview\" hidden class=\"wp-block-file__embed\" data=\"https:\/\/www.bbs-cgm.de\/wp-content\/uploads\/2022\/12\/sicZert_BBS_AZAV-ZAV_34560421760426.pdf\" type=\"application\/pdf\" style=\"width:100%;height:600px\" aria-label=\"Einbettung von sicZert_BBS_AZAV-ZAV_34560421760426.\"><\/object><a id=\"wp-block-file--media-940e33fc-0caf-4485-8078-e8da229f12b5\" href=\"https:\/\/www.bbs-cgm.de\/wp-content\/uploads\/2022\/12\/sicZert_BBS_AZAV-ZAV_34560421760426.pdf\">sicZert_BBS_AZAV-ZAV_34560421760426<\/a><a href=\"https:\/\/www.bbs-cgm.de\/wp-content\/uploads\/2022\/12\/sicZert_BBS_AZAV-ZAV_34560421760426.pdf\" class=\"wp-block-file__button wp-element-button\" download aria-describedby=\"wp-block-file--media-940e33fc-0caf-4485-8078-e8da229f12b5\">Herunterladen<\/a><\/div>\n\n\n\n<div data-wp-interactive=\"core\/file\" class=\"wp-block-file\"><object data-wp-bind--hidden=\"!state.hasPdfPreview\" hidden class=\"wp-block-file__embed\" data=\"https:\/\/www.bbs-cgm.de\/wp-content\/uploads\/2022\/12\/BBS-Berufsbildungsstaette_RP-Karlsruhe-Anerkennungsbescheid.pdf\" type=\"application\/pdf\" style=\"width:100%;height:600px\" aria-label=\"Einbettung von BBS-Berufsbildungsstaette_RP-Karlsruhe-Anerkennungsbescheid.\"><\/object><a id=\"wp-block-file--media-cdb40c3c-78b5-4a94-8f86-d97174f2c920\" href=\"https:\/\/www.bbs-cgm.de\/wp-content\/uploads\/2022\/12\/BBS-Berufsbildungsstaette_RP-Karlsruhe-Anerkennungsbescheid.pdf\">BBS-Berufsbildungsstaette_RP-Karlsruhe-Anerkennungsbescheid<\/a><a href=\"https:\/\/www.bbs-cgm.de\/wp-content\/uploads\/2022\/12\/BBS-Berufsbildungsstaette_RP-Karlsruhe-Anerkennungsbescheid.pdf\" class=\"wp-block-file__button wp-element-button\" download aria-describedby=\"wp-block-file--media-cdb40c3c-78b5-4a94-8f86-d97174f2c920\">Herunterladen<\/a><\/div>\n","protected":false},"excerpt":{"rendered":"<p>\u201eBerufsbildungsst\u00e4tte der CGM. e.V. (Christliche Gewerkschaft Metall)\u201cVereinsregister: Amtsgericht Stuttgart, Vereinsregisternummer: 721897Vertreten durch den Vorstand: J\u00fcrgen Stahl (Vorsitzender) BBS-Berufsbildungsst\u00e4tteGesch\u00e4ftsstelle Sindelfingen Mercedesstr. 17 I71063 Sindelfingen Tel.: 07031-7155730Fax: 07031-7155711 Die Berufsbildungsst\u00e4tte der CGM (kurz BBS genannt) ist ein Schulungs- und Bildungswerk christlich-sozialer Pr\u00e4gung. Zweck des Vereins ist die Information und Volksbildung zum Nutzen der Allgemeinheit, insbesondere die F\u00f6rderung &hellip; <\/p>\n<p class=\"link-more\"><a href=\"https:\/\/www.bbs-cgm.de\/?page_id=82\" class=\"more-link\">Mehr <span class=\"screen-reader-text\">\u00fcber &#8222;Kontakt &#038; Impressum&#8220; <\/span>Lesen<\/a><\/p>\n","protected":false},"author":1,"featured_media":0,"parent":0,"menu_order":0,"comment_status":"closed","ping_status":"closed","template":"","meta":{"footnotes":""},"class_list":["post-82","page","type-page","status-publish","hentry"],"_links":{"self":[{"href":"https:\/\/www.bbs-cgm.de\/index.php?rest_route=\/wp\/v2\/pages\/82","targetHints":{"allow":["GET"]}}],"collection":[{"href":"https:\/\/www.bbs-cgm.de\/index.php?rest_route=\/wp\/v2\/pages"}],"about":[{"href":"https:\/\/www.bbs-cgm.de\/index.php?rest_route=\/wp\/v2\/types\/page"}],"author":[{"embeddable":true,"href":"https:\/\/www.bbs-cgm.de\/index.php?rest_route=\/wp\/v2\/users\/1"}],"replies":[{"embeddable":true,"href":"https:\/\/www.bbs-cgm.de\/index.php?rest_route=%2Fwp%2Fv2%2Fcomments&post=82"}],"version-history":[{"count":4,"href":"https:\/\/www.bbs-cgm.de\/index.php?rest_route=\/wp\/v2\/pages\/82\/revisions"}],"predecessor-version":[{"id":116,"href":"https:\/\/www.bbs-cgm.de\/index.php?rest_route=\/wp\/v2\/pages\/82\/revisions\/116"}],"wp:attachment":[{"href":"https:\/\/www.bbs-cgm.de\/index.php?rest_route=%2Fwp%2Fv2%2Fmedia&parent=82"}],"curies":[{"name":"wp","href":"https:\/\/api.w.org\/{rel}","templated":true}]}}